{"id":3,"date":"2025-04-03T11:25:28","date_gmt":"2025-04-03T11:25:28","guid":{"rendered":"https:\/\/axcommunication.se\/?page_id=3"},"modified":"2025-04-08T15:16:46","modified_gmt":"2025-04-08T15:16:46","slug":"privacy-policy","status":"publish","type":"page","link":"https:\/\/axcommunication.se\/index.php\/privacy-policy\/","title":{"rendered":"Privacy Policy"},"content":{"rendered":"[et_pb_section fb_built=&#8221;1&#8243; admin_label=&#8221;section&#8221; _builder_version=&#8221;4.16&#8243; global_colors_info=&#8221;{}&#8221;][et_pb_row admin_label=&#8221;row&#8221; _builder_version=&#8221;4.16&#8243; background_size=&#8221;initial&#8221; background_position=&#8221;top_left&#8221; background_repeat=&#8221;repeat&#8221; global_colors_info=&#8221;{}&#8221;][et_pb_column type=&#8221;4_4&#8243; _builder_version=&#8221;4.16&#8243; custom_padding=&#8221;|||&#8221; global_colors_info=&#8221;{}&#8221; custom_padding__hover=&#8221;|||&#8221;][et_pb_text admin_label=&#8221;Text&#8221; _builder_version=&#8221;4.27.4&#8243; background_size=&#8221;initial&#8221; background_position=&#8221;top_left&#8221; background_repeat=&#8221;repeat&#8221; hover_enabled=&#8221;0&#8243; global_colors_info=&#8221;{}&#8221; sticky_enabled=&#8221;0&#8243;]<p><\/p>\n<h1 class=\"wp-block-heading\">Axcommunication integritetspolicy<\/h1>\n<p><\/p>\n<p>Denna integritetspolicy f\u00f6rklarar hur Axcommunication anv\u00e4nder personuppgifter som vi samlar in fr\u00e5n dig n\u00e4r du anv\u00e4nder v\u00e5r webbplats.<\/p>\n<p>\u200d\u00c4mnen:<\/p>\n<p>-Vilka data samlar vi in?<\/p>\n<p>-Hur samlar vi in dina data?<\/p>\n<p>-Hur kommer vi anv\u00e4nda dina data?<\/p>\n<p>-Hur lagrar vi dina data?<\/p>\n<p>-Marknadsf\u00f6ring<\/p>\n<p>-Vad \u00e4r dina r\u00e4ttigheter g\u00e4llande dataskydd?<\/p>\n<p>-Vad \u00e4r kakor (cookies)?<\/p>\n<p>-Hur anv\u00e4nder vi kakor (cookies)?<\/p>\n<p>-Vilka typer av kakor (cookies) anv\u00e4nder vi?<\/p>\n<p>-Hur du hanterar kakor (cookies)<\/p>\n<p>-Integritetspolicys fr\u00e5n andra webbplatser<\/p>\n<p>-\u00c4ndringar i v\u00e5r integritetspolicy<\/p>\n<p>-Hur du kontaktar oss<\/p>\n<h2><strong>\u200dVilka data samlar vi in?<\/strong><\/h2>\n<p>Axcommunication samlar in f\u00f6ljande data:<\/p>\n<p>Personlig identifieringsinformation (Namn, e-postadress, telefonnummer, etc.)<\/p>\n<h2><strong>\u200dHur samlar vi in dina data?<\/strong><\/h2>\n<p>\u200dDu tillhandah\u00e5ller direkt Axcommunication med st\u00f6rsta delen av data vi samlar in. Vi samlar in data och behandlar data n\u00e4r du:<\/p>\n<p>-Registrerar dig online eller l\u00e4gger en best\u00e4llning f\u00f6r n\u00e5gon av v\u00e5ra produkter eller tj\u00e4nster<\/p>\n<p>-Frivilligt fyller i en kundunders\u00f6kning eller ger feedback p\u00e5 n\u00e5gon av v\u00e5ra kontaktv\u00e4gar eller via e-post<\/p>\n<p>-Anv\u00e4nder eller visar v\u00e5r webbplats via din webbl\u00e4sares kakor<\/p>\n<p>Axcommunication kan ocks\u00e5 ta emot dina data indirekt fr\u00e5n f\u00f6ljande k\u00e4llor:<\/p>\n<p>-Frivilligt fyller i dina uppgifter via v\u00e5ra marknadsf\u00f6ringskampanjer p\u00e5 sociala kanaler<\/p>\n<h2><strong>\u200dHur kommer vi anv\u00e4nda dina data?<\/strong><\/h2>\n<p>Axcommunication samlar in dina data s\u00e5 att vi kan:<\/p>\n<p>-Hantera din best\u00e4llning, hantera ditt konto<\/p>\n<p>-Skicka e-post med specialerbjudanden om andra produkter och tj\u00e4nster som vi tror att du kan tycka om<\/p>\n<p>N\u00e4r Axcommunication behandlar din best\u00e4llning kan det skicka dina data till, och \u00e4ven anv\u00e4nda den resulterande informationen fr\u00e5n, kreditupplysningsf\u00f6retag f\u00f6r att f\u00f6rhindra bedr\u00e4gliga k\u00f6p.<\/p>\n<h2><strong>\u200dHur lagrar vi dina data?<\/strong><\/h2>\n<p>Axcommunication lagrar dina data s\u00e4kert i v\u00e5rt CRM-system och i v\u00e5rt mejlhanteringssystem som ingen obeh\u00f6rig har tillg\u00e5ng till.<\/p>\n<p>Axcommunication kommer att beh\u00e5lla dina personuppgifter under tio \u00e5r om du inte \u00e4r fortsatt kund hos oss. N\u00e4r denna tidsperiod har l\u00f6pt ut kommer vi att radera dina data genom att radera den fr\u00e5n alla v\u00e5ra system och all tidigare kommunikation.<\/p>\n<h2><strong>\u200dMarknadsf\u00f6ring<\/strong><\/h2>\n<p>Axcommunication skulle vilja skicka dig information om v\u00e5ra produkter och tj\u00e4nster som vi tror att du kan tycka om. Om du har godk\u00e4nt att ta emot marknadsf\u00f6ring kan du alltid v\u00e4lja att avsluta det senare.<\/p>\n<p>Du har r\u00e4tt att n\u00e4r som helst stoppa Axcommunication fr\u00e5n att kontakta dig f\u00f6r marknadsf\u00f6rings\u00e4ndam\u00e5l. Om du inte l\u00e4ngre vill bli kontaktad f\u00f6r marknadsf\u00f6rings\u00e4ndam\u00e5l, mejla oss p\u00e5\u00a0<a href=\"https:\/\/axcommunication.com\/bettina@axcommunication.com\">bettina@axcommunication.com<\/a><\/p>\n<p>Axcommunication vill s\u00e4kerst\u00e4lla att du \u00e4r fullt medveten om alla dina dataskyddsr\u00e4ttigheter. Varje anv\u00e4ndare har r\u00e4tt till f\u00f6ljande:<\/p>\n<p>-R\u00e4tten till tillg\u00e5ng &#8211; Du har r\u00e4tt att beg\u00e4ra att Axcommunication l\u00e4mnar ut kopior av dina personuppgifter. Vi tar ut en avgift f\u00f6r denna tj\u00e4nst.<\/p>\n<p>-R\u00e4tten till r\u00e4ttelse &#8211; Du har r\u00e4tt att beg\u00e4ra att Axcommunication r\u00e4ttar till uppgifter som du anser \u00e4r felaktiga. Du har ocks\u00e5 r\u00e4tt att beg\u00e4ra att Axcommunication kompletterar uppgifter som du anser \u00e4r ofullst\u00e4ndiga.<\/p>\n<p>-R\u00e4tten till radering &#8211; Du har r\u00e4tt att beg\u00e4ra att Axcommunication raderar dina personuppgifter under vissa f\u00f6ruts\u00e4ttningar.<\/p>\n<p>-R\u00e4tten till begr\u00e4nsning av behandling &#8211; Du har r\u00e4tt att beg\u00e4ra att Axcommunication begr\u00e4nsar behandlingen av dina personuppgifter under vissa f\u00f6ruts\u00e4ttningar.<\/p>\n<p>-R\u00e4tten att inv\u00e4nda mot behandling &#8211; Du har r\u00e4tt att inv\u00e4nda mot Axcommunications behandling av dina personuppgifter under vissa f\u00f6ruts\u00e4ttningar.<\/p>\n<p>-R\u00e4tten till dataportabilitet &#8211; Du har r\u00e4tt att beg\u00e4ra att Axcommunication \u00f6verf\u00f6r de uppgifter som vi har samlat in till en annan organisation, eller direkt till dig, under vissa f\u00f6ruts\u00e4ttningar.<\/p>\n<p>Om du g\u00f6r en beg\u00e4ran har vi en m\u00e5nad p\u00e5 oss att svara dig. Om du vill ut\u00f6va n\u00e5gon av dessa r\u00e4ttigheter, kontakta oss via v\u00e5r e-post:\u00a0<a href=\"https:\/\/axcommunication.com\/bettina@axcommunication.com\">bettina@axcommunication.com<\/a><\/p>\n<h2>\u200d<strong>Vad \u00e4r cookies?<\/strong><\/h2>\n<p>\u200dCookies \u00e4r textfiler som placeras p\u00e5 din dator f\u00f6r att samla in standard Internet logginformation och bes\u00f6kares beteendeinformation. N\u00e4r du bes\u00f6ker v\u00e5ra webbplatser kan vi samla in information fr\u00e5n dig automatiskt genom cookies eller liknande teknologi. F\u00f6r ytterligare information, bes\u00f6k\u00a0<a href=\"http:\/\/allaboutcookies.org\/\">allaboutcookies.org<\/a><\/p>\n<h2>\u200d<strong>Hur anv\u00e4nder vi cookies?<\/strong><\/h2>\n<p>\u200dV\u00e5rt f\u00f6retag anv\u00e4nder cookies p\u00e5 olika s\u00e4tt f\u00f6r att f\u00f6rb\u00e4ttra din upplevelse p\u00e5 v\u00e5r webbplats, inklusive:<\/p>\n<p>-H\u00e5lla dig inloggad<\/p>\n<p>-F\u00f6rst\u00e5 hur du anv\u00e4nder v\u00e5r webbplats<\/p>\n<p>-Dela material med dig fr\u00e5n tredjepartsleverant\u00f6r exempelvis Youtube och Trustpilot<\/p>\n<p>-Sp\u00e5ra anv\u00e4ndningen av v\u00e5r webbplats<\/p>\n<h2><strong>\u200dVilka typer av cookies anv\u00e4nder vi?<\/strong><\/h2>\n<p>\u200dDet finns olika typer av cookies, men v\u00e5r webbplats anv\u00e4nder:<\/p>\n<p>-Funktionalitet &#8211; V\u00e5rt f\u00f6retag anv\u00e4nder dessa cookies s\u00e5 att vi k\u00e4nner igen dig p\u00e5 v\u00e5r webbplats och kommer ih\u00e5g dina tidigare valda inst\u00e4llningar. Dessa kan inkludera vilket spr\u00e5k du f\u00f6redrar och vilken plats du befinner dig p\u00e5. En blandning av f\u00f6rstaparts- och tredjepartscookies anv\u00e4nds.<\/p>\n<p>-Annons &#8211; V\u00e5rt f\u00f6retag anv\u00e4nder dessa cookies f\u00f6r att samla in information om ditt bes\u00f6k p\u00e5 v\u00e5r webbplats, det inneh\u00e5ll du visade, l\u00e4nkarna du f\u00f6ljde och information om din webbl\u00e4sare, enhet och din IP-adress. V\u00e5rt f\u00f6retag delar ibland vissa begr\u00e4nsade aspekter av dessa data med tredje parter f\u00f6r reklam\u00e4ndam\u00e5l. Vi kan ocks\u00e5 dela online-data som samlats in genom cookies med v\u00e5ra annonspartners. Detta inneb\u00e4r att n\u00e4r du bes\u00f6ker en annan webbplats kan du visas annonser baserat p\u00e5 ditt surfm\u00f6nster p\u00e5 v\u00e5r webbplats.<\/p>\n<h2><strong>\u200dHur hanterar du cookies?<\/strong><\/h2>\n<p>\u200dDu kan st\u00e4lla in din webbl\u00e4sare s\u00e5 att den inte accepterar cookies, och ovanst\u00e5ende webbplats ber\u00e4ttar f\u00f6r dig hur du tar bort cookies fr\u00e5n din webbl\u00e4sare. I vissa fall kan dock vissa av v\u00e5ra webbplatsfunktioner sluta fungera som ett resultat.<\/p>\n<p>Axcommunication-webbplatsen inneh\u00e5ller l\u00e4nkar till andra webbplatser. V\u00e5r integritetspolicy g\u00e4ller endast v\u00e5r webbplats, s\u00e5 om du klickar p\u00e5 en l\u00e4nk till en annan webbplats b\u00f6r du l\u00e4sa deras integritetspolicy.<\/p>\n<h3><strong>\u200d\u00c4ndringar av v\u00e5r integritetspolicy<\/strong><\/h3>\n<p>Axcommunication granskar regelbundet sin integritetspolicy och publicerar eventuella uppdateringar p\u00e5 denna webbsida. Denna integritetspolicy uppdaterades senast den 24 juni 2024.<\/p>\n<p><strong>\u200d<\/strong><\/p>\n<h4><strong>Hur du kontaktar oss<\/strong><\/h4>\n<p>\u200dOm du har n\u00e5gra fr\u00e5gor om Axcommunications integritetspolicy, de data vi har om dig, eller om du vill ut\u00f6va n\u00e5gon av dina dataskyddsr\u00e4ttigheter, tveka inte att kontakta oss.<\/p>\n<p>Mejla oss p\u00e5:\u00a0<a href=\"https:\/\/axcommunication.com\/bettina@axcommunication.com\">bettina@axcommunication.com<\/a><\/p>\n<p>&nbsp;<\/p>\n<p><!-- \/wp:post-content --><\/p>[\/et_pb_text][\/et_pb_column][\/et_pb_row][\/et_pb_section]","protected":false},"excerpt":{"rendered":"<p>Axcommunication integritetspolicy Denna integritetspolicy f\u00f6rklarar hur Axcommunication anv\u00e4nder personuppgifter som vi samlar in fr\u00e5n dig n\u00e4r du anv\u00e4nder v\u00e5r webbplats. \u200d\u00c4mnen: -Vilka data samlar vi in? -Hur samlar vi in dina data? -Hur kommer vi anv\u00e4nda dina data? -Hur lagrar vi dina data? -Marknadsf\u00f6ring -Vad \u00e4r dina r\u00e4ttigheter g\u00e4llande dataskydd? -Vad \u00e4r kakor (cookies)? -Hur [&hellip;]<\/p>\n","protected":false},"author":1,"featured_media":0,"parent":0,"menu_order":0,"comment_status":"closed","ping_status":"open","template":"","meta":{"_et_pb_use_builder":"on","_et_pb_old_content":"<!-- wp:heading -->\n<h2 class=\"wp-block-heading\">Who we are<\/h2>\n<!-- \/wp:heading -->\n<!-- wp:paragraph -->\n<p><strong class=\"privacy-policy-tutorial\">Suggested text: <\/strong>Our website address is: https:\/\/axcommunication.se.<\/p>\n<!-- \/wp:paragraph -->\n<!-- wp:heading -->\n<h2 class=\"wp-block-heading\">Comments<\/h2>\n<!-- \/wp:heading -->\n<!-- wp:paragraph -->\n<p><strong class=\"privacy-policy-tutorial\">Suggested text: <\/strong>When visitors leave comments on the site we collect the data shown in the comments form, and also the visitor&#8217;s IP address and browser user agent string to help spam detection.<\/p>\n<!-- \/wp:paragraph -->\n<!-- wp:paragraph -->\n<p>An anonymized string created from your email address (also called a hash) may be provided to the Gravatar service to see if you are using it. The Gravatar service privacy policy is available here: https:\/\/automattic.com\/privacy\/. After approval of your comment, your profile picture is visible to the public in the context of your comment.<\/p>\n<!-- \/wp:paragraph -->\n<!-- wp:heading -->\n<h2 class=\"wp-block-heading\">Media<\/h2>\n<!-- \/wp:heading -->\n<!-- wp:paragraph -->\n<p><strong class=\"privacy-policy-tutorial\">Suggested text: <\/strong>If you upload images to the website, you should avoid uploading images with embedded location data (EXIF GPS) included. Visitors to the website can download and extract any location data from images on the website.<\/p>\n<!-- \/wp:paragraph -->\n<!-- wp:heading -->\n<h2 class=\"wp-block-heading\">Cookies<\/h2>\n<!-- \/wp:heading -->\n<!-- wp:paragraph -->\n<p><strong class=\"privacy-policy-tutorial\">Suggested text: <\/strong>If you leave a comment on our site you may opt-in to saving your name, email address and website in cookies. These are for your convenience so that you do not have to fill in your details again when you leave another comment. These cookies will last for one year.<\/p>\n<!-- \/wp:paragraph -->\n<!-- wp:paragraph -->\n<p>If you visit our login page, we will set a temporary cookie to determine if your browser accepts cookies. This cookie contains no personal data and is discarded when you close your browser.<\/p>\n<!-- \/wp:paragraph -->\n<!-- wp:paragraph -->\n<p>When you log in, we will also set up several cookies to save your login information and your screen display choices. Login cookies last for two days, and screen options cookies last for a year. If you select &quot;Remember Me&quot;, your login will persist for two weeks. If you log out of your account, the login cookies will be removed.<\/p>\n<!-- \/wp:paragraph -->\n<!-- wp:paragraph -->\n<p>If you edit or publish an article, an additional cookie will be saved in your browser. This cookie includes no personal data and simply indicates the post ID of the article you just edited. It expires after 1 day.<\/p>\n<!-- \/wp:paragraph -->\n<!-- wp:heading -->\n<h2 class=\"wp-block-heading\">Embedded content from other websites<\/h2>\n<!-- \/wp:heading -->\n<!-- wp:paragraph -->\n<p><strong class=\"privacy-policy-tutorial\">Suggested text: <\/strong>Articles on this site may include embedded content (e.g. videos, images, articles, etc.). Embedded content from other websites behaves in the exact same way as if the visitor has visited the other website.<\/p>\n<!-- \/wp:paragraph -->\n<!-- wp:paragraph -->\n<p>These websites may collect data about you, use cookies, embed additional third-party tracking, and monitor your interaction with that embedded content, including tracking your interaction with the embedded content if you have an account and are logged in to that website.<\/p>\n<!-- \/wp:paragraph -->\n<!-- wp:heading -->\n<h2 class=\"wp-block-heading\">Who we share your data with<\/h2>\n<!-- \/wp:heading -->\n<!-- wp:paragraph -->\n<p><strong class=\"privacy-policy-tutorial\">Suggested text: <\/strong>If you request a password reset, your IP address will be included in the reset email.<\/p>\n<!-- \/wp:paragraph -->\n<!-- wp:heading -->\n<h2 class=\"wp-block-heading\">How long we retain your data<\/h2>\n<!-- \/wp:heading -->\n<!-- wp:paragraph -->\n<p><strong class=\"privacy-policy-tutorial\">Suggested text: <\/strong>If you leave a comment, the comment and its metadata are retained indefinitely. This is so we can recognize and approve any follow-up comments automatically instead of holding them in a moderation queue.<\/p>\n<!-- \/wp:paragraph -->\n<!-- wp:paragraph -->\n<p>For users that register on our website (if any), we also store the personal information they provide in their user profile. All users can see, edit, or delete their personal information at any time (except they cannot change their username). Website administrators can also see and edit that information.<\/p>\n<!-- \/wp:paragraph -->\n<!-- wp:heading -->\n<h2 class=\"wp-block-heading\">What rights you have over your data<\/h2>\n<!-- \/wp:heading -->\n<!-- wp:paragraph -->\n<p><strong class=\"privacy-policy-tutorial\">Suggested text: <\/strong>If you have an account on this site, or have left comments, you can request to receive an exported file of the personal data we hold about you, including any data you have provided to us. You can also request that we erase any personal data we hold about you. This does not include any data we are obliged to keep for administrative, legal, or security purposes.<\/p>\n<!-- \/wp:paragraph -->\n<!-- wp:heading -->\n<h2 class=\"wp-block-heading\">Where your data is sent<\/h2>\n<!-- \/wp:heading -->\n<!-- wp:paragraph -->\n<p><strong class=\"privacy-policy-tutorial\">Suggested text: <\/strong>Visitor comments may be checked through an automated spam detection service.<\/p>\n<!-- \/wp:paragraph -->\n","_et_gb_content_width":"","footnotes":""},"class_list":["post-3","page","type-page","status-publish","hentry"],"yoast_head":"<!-- This site is optimized with the Yoast SEO plugin v27.3 - https:\/\/yoast.com\/product\/yoast-seo-wordpress\/ -->\n<title>Privacy Policy - Axcommunication<\/title>\n<meta name=\"robots\" content=\"index, follow, max-snippet:-1, max-image-preview:large, max-video-preview:-1\" \/>\n<link rel=\"canonical\" href=\"https:\/\/axcommunication.se\/index.php\/privacy-policy\/\" \/>\n<meta property=\"og:locale\" content=\"sv_SE\" \/>\n<meta property=\"og:type\" content=\"article\" \/>\n<meta property=\"og:title\" content=\"Privacy Policy - Axcommunication\" \/>\n<meta property=\"og:description\" content=\"Axcommunication integritetspolicy Denna integritetspolicy f\u00f6rklarar hur Axcommunication anv\u00e4nder personuppgifter som vi samlar in fr\u00e5n dig n\u00e4r du anv\u00e4nder v\u00e5r webbplats. \u200d\u00c4mnen: -Vilka data samlar vi in? -Hur samlar vi in dina data? -Hur kommer vi anv\u00e4nda dina data? -Hur lagrar vi dina data? -Marknadsf\u00f6ring -Vad \u00e4r dina r\u00e4ttigheter g\u00e4llande dataskydd? -Vad \u00e4r kakor (cookies)? -Hur [&hellip;]\" \/>\n<meta property=\"og:url\" content=\"https:\/\/axcommunication.se\/index.php\/privacy-policy\/\" \/>\n<meta property=\"og:site_name\" content=\"Axcommunication\" \/>\n<meta property=\"article:modified_time\" content=\"2025-04-08T15:16:46+00:00\" \/>\n<meta property=\"og:image\" content=\"https:\/\/axcommunication.se\/wp-content\/uploads\/2025\/04\/cropped-axcommunication-favicon.png\" \/>\n\t<meta property=\"og:image:width\" content=\"512\" \/>\n\t<meta property=\"og:image:height\" content=\"512\" \/>\n\t<meta property=\"og:image:type\" content=\"image\/png\" \/>\n<meta name=\"twitter:card\" content=\"summary_large_image\" \/>\n<meta name=\"twitter:label1\" content=\"Ber\u00e4knad l\u00e4stid\" \/>\n\t<meta name=\"twitter:data1\" content=\"6 minuter\" \/>\n<script type=\"application\/ld+json\" class=\"yoast-schema-graph\">{\"@context\":\"https:\\\/\\\/schema.org\",\"@graph\":[{\"@type\":\"WebPage\",\"@id\":\"https:\\\/\\\/axcommunication.se\\\/index.php\\\/privacy-policy\\\/\",\"url\":\"https:\\\/\\\/axcommunication.se\\\/index.php\\\/privacy-policy\\\/\",\"name\":\"Privacy Policy - Axcommunication\",\"isPartOf\":{\"@id\":\"https:\\\/\\\/axcommunication.se\\\/#website\"},\"datePublished\":\"2025-04-03T11:25:28+00:00\",\"dateModified\":\"2025-04-08T15:16:46+00:00\",\"breadcrumb\":{\"@id\":\"https:\\\/\\\/axcommunication.se\\\/index.php\\\/privacy-policy\\\/#breadcrumb\"},\"inLanguage\":\"sv-SE\",\"potentialAction\":[{\"@type\":\"ReadAction\",\"target\":[\"https:\\\/\\\/axcommunication.se\\\/index.php\\\/privacy-policy\\\/\"]}]},{\"@type\":\"BreadcrumbList\",\"@id\":\"https:\\\/\\\/axcommunication.se\\\/index.php\\\/privacy-policy\\\/#breadcrumb\",\"itemListElement\":[{\"@type\":\"ListItem\",\"position\":1,\"name\":\"Hem\",\"item\":\"https:\\\/\\\/axcommunication.se\\\/\"},{\"@type\":\"ListItem\",\"position\":2,\"name\":\"Privacy Policy\"}]},{\"@type\":\"WebSite\",\"@id\":\"https:\\\/\\\/axcommunication.se\\\/#website\",\"url\":\"https:\\\/\\\/axcommunication.se\\\/\",\"name\":\"Axcommunication - F\u00e5 hj\u00e4lp med texter och utveckla ditt skrivande\",\"description\":\"\",\"publisher\":{\"@id\":\"https:\\\/\\\/axcommunication.se\\\/#organization\"},\"potentialAction\":[{\"@type\":\"SearchAction\",\"target\":{\"@type\":\"EntryPoint\",\"urlTemplate\":\"https:\\\/\\\/axcommunication.se\\\/?s={search_term_string}\"},\"query-input\":{\"@type\":\"PropertyValueSpecification\",\"valueRequired\":true,\"valueName\":\"search_term_string\"}}],\"inLanguage\":\"sv-SE\"},{\"@type\":\"Organization\",\"@id\":\"https:\\\/\\\/axcommunication.se\\\/#organization\",\"name\":\"Axcommunication\",\"url\":\"https:\\\/\\\/axcommunication.se\\\/\",\"logo\":{\"@type\":\"ImageObject\",\"inLanguage\":\"sv-SE\",\"@id\":\"https:\\\/\\\/axcommunication.se\\\/#\\\/schema\\\/logo\\\/image\\\/\",\"url\":\"https:\\\/\\\/axcommunication.se\\\/wp-content\\\/uploads\\\/2025\\\/04\\\/cropped-axcommunication-favicon.png\",\"contentUrl\":\"https:\\\/\\\/axcommunication.se\\\/wp-content\\\/uploads\\\/2025\\\/04\\\/cropped-axcommunication-favicon.png\",\"width\":512,\"height\":512,\"caption\":\"Axcommunication\"},\"image\":{\"@id\":\"https:\\\/\\\/axcommunication.se\\\/#\\\/schema\\\/logo\\\/image\\\/\"},\"sameAs\":[\"https:\\\/\\\/www.instagram.com\\\/axcommunication_bettina\\\/\"]}]}<\/script>\n<!-- \/ Yoast SEO plugin. -->","yoast_head_json":{"title":"Privacy Policy - Axcommunication","robots":{"index":"index","follow":"follow","max-snippet":"max-snippet:-1","max-image-preview":"max-image-preview:large","max-video-preview":"max-video-preview:-1"},"canonical":"https:\/\/axcommunication.se\/index.php\/privacy-policy\/","og_locale":"sv_SE","og_type":"article","og_title":"Privacy Policy - Axcommunication","og_description":"Axcommunication integritetspolicy Denna integritetspolicy f\u00f6rklarar hur Axcommunication anv\u00e4nder personuppgifter som vi samlar in fr\u00e5n dig n\u00e4r du anv\u00e4nder v\u00e5r webbplats. \u200d\u00c4mnen: -Vilka data samlar vi in? -Hur samlar vi in dina data? -Hur kommer vi anv\u00e4nda dina data? -Hur lagrar vi dina data? -Marknadsf\u00f6ring -Vad \u00e4r dina r\u00e4ttigheter g\u00e4llande dataskydd? -Vad \u00e4r kakor (cookies)? -Hur [&hellip;]","og_url":"https:\/\/axcommunication.se\/index.php\/privacy-policy\/","og_site_name":"Axcommunication","article_modified_time":"2025-04-08T15:16:46+00:00","og_image":[{"width":512,"height":512,"url":"https:\/\/axcommunication.se\/wp-content\/uploads\/2025\/04\/cropped-axcommunication-favicon.png","type":"image\/png"}],"twitter_card":"summary_large_image","twitter_misc":{"Ber\u00e4knad l\u00e4stid":"6 minuter"},"schema":{"@context":"https:\/\/schema.org","@graph":[{"@type":"WebPage","@id":"https:\/\/axcommunication.se\/index.php\/privacy-policy\/","url":"https:\/\/axcommunication.se\/index.php\/privacy-policy\/","name":"Privacy Policy - Axcommunication","isPartOf":{"@id":"https:\/\/axcommunication.se\/#website"},"datePublished":"2025-04-03T11:25:28+00:00","dateModified":"2025-04-08T15:16:46+00:00","breadcrumb":{"@id":"https:\/\/axcommunication.se\/index.php\/privacy-policy\/#breadcrumb"},"inLanguage":"sv-SE","potentialAction":[{"@type":"ReadAction","target":["https:\/\/axcommunication.se\/index.php\/privacy-policy\/"]}]},{"@type":"BreadcrumbList","@id":"https:\/\/axcommunication.se\/index.php\/privacy-policy\/#breadcrumb","itemListElement":[{"@type":"ListItem","position":1,"name":"Hem","item":"https:\/\/axcommunication.se\/"},{"@type":"ListItem","position":2,"name":"Privacy Policy"}]},{"@type":"WebSite","@id":"https:\/\/axcommunication.se\/#website","url":"https:\/\/axcommunication.se\/","name":"Axcommunication - F\u00e5 hj\u00e4lp med texter och utveckla ditt skrivande","description":"","publisher":{"@id":"https:\/\/axcommunication.se\/#organization"},"potentialAction":[{"@type":"SearchAction","target":{"@type":"EntryPoint","urlTemplate":"https:\/\/axcommunication.se\/?s={search_term_string}"},"query-input":{"@type":"PropertyValueSpecification","valueRequired":true,"valueName":"search_term_string"}}],"inLanguage":"sv-SE"},{"@type":"Organization","@id":"https:\/\/axcommunication.se\/#organization","name":"Axcommunication","url":"https:\/\/axcommunication.se\/","logo":{"@type":"ImageObject","inLanguage":"sv-SE","@id":"https:\/\/axcommunication.se\/#\/schema\/logo\/image\/","url":"https:\/\/axcommunication.se\/wp-content\/uploads\/2025\/04\/cropped-axcommunication-favicon.png","contentUrl":"https:\/\/axcommunication.se\/wp-content\/uploads\/2025\/04\/cropped-axcommunication-favicon.png","width":512,"height":512,"caption":"Axcommunication"},"image":{"@id":"https:\/\/axcommunication.se\/#\/schema\/logo\/image\/"},"sameAs":["https:\/\/www.instagram.com\/axcommunication_bettina\/"]}]}},"_links":{"self":[{"href":"https:\/\/axcommunication.se\/index.php\/wp-json\/wp\/v2\/pages\/3","targetHints":{"allow":["GET"]}}],"collection":[{"href":"https:\/\/axcommunication.se\/index.php\/wp-json\/wp\/v2\/pages"}],"about":[{"href":"https:\/\/axcommunication.se\/index.php\/wp-json\/wp\/v2\/types\/page"}],"author":[{"embeddable":true,"href":"https:\/\/axcommunication.se\/index.php\/wp-json\/wp\/v2\/users\/1"}],"replies":[{"embeddable":true,"href":"https:\/\/axcommunication.se\/index.php\/wp-json\/wp\/v2\/comments?post=3"}],"version-history":[{"count":2,"href":"https:\/\/axcommunication.se\/index.php\/wp-json\/wp\/v2\/pages\/3\/revisions"}],"predecessor-version":[{"id":240,"href":"https:\/\/axcommunication.se\/index.php\/wp-json\/wp\/v2\/pages\/3\/revisions\/240"}],"wp:attachment":[{"href":"https:\/\/axcommunication.se\/index.php\/wp-json\/wp\/v2\/media?parent=3"}],"curies":[{"name":"wp","href":"https:\/\/api.w.org\/{rel}","templated":true}]}}