{"id":41,"date":"2025-04-03T12:24:10","date_gmt":"2025-04-03T12:24:10","guid":{"rendered":"https:\/\/axcommunication.se\/?page_id=41"},"modified":"2026-01-16T22:37:44","modified_gmt":"2026-01-16T22:37:44","slug":"om","status":"publish","type":"page","link":"https:\/\/axcommunication.se\/index.php\/om\/","title":{"rendered":"Om"},"content":{"rendered":"<p>[et_pb_section fb_built=&#8221;1&#8243; admin_label=&#8221;Header&#8221; _builder_version=&#8221;4.27.4&#8243; _module_preset=&#8221;default&#8221; background_image=&#8221;https:\/\/axcommunication.se\/wp-content\/uploads\/2025\/04\/non-profit-07.jpg&#8221; custom_margin=&#8221;||||false|false&#8221; custom_padding=&#8221;||97px||false|false&#8221; global_colors_info=&#8221;{}&#8221;][et_pb_row custom_padding_last_edited=&#8221;on|phone&#8221; _builder_version=&#8221;4.27.4&#8243; _module_preset=&#8221;default&#8221; background_color=&#8221;#ffffff&#8221; use_background_color_gradient=&#8221;on&#8221; background_color_gradient_stops=&#8221;#ffffff 0%|rgba(255,255,255,0.44) 100%&#8221; background_color_gradient_overlays_image=&#8221;on&#8221; background_color_gradient_start=&#8221;#ffffff&#8221; background_color_gradient_end=&#8221;rgba(255,255,255,0.44)&#8221; background_image=&#8221;https:\/\/axcommunication.se\/wp-content\/uploads\/2025\/04\/womenshealthcenter-30-1.png&#8221; background_size=&#8221;contain&#8221; background_position=&#8221;bottom_right&#8221; custom_margin=&#8221;||||false|false&#8221; custom_margin_tablet=&#8221;&#8221; custom_margin_phone=&#8221;&#8221; custom_margin_last_edited=&#8221;on|tablet&#8221; custom_padding=&#8221;3.4%|60px|3.4%|60px|true|true&#8221; custom_padding_tablet=&#8221;|30px||30px|true|true&#8221; custom_padding_phone=&#8221;|20px||20px|false|true&#8221; background_size_tablet=&#8221;initial&#8221; locked=&#8221;off&#8221; global_colors_info=&#8221;{}&#8221;][et_pb_column type=&#8221;4_4&#8243; _builder_version=&#8221;4.16&#8243; _module_preset=&#8221;default&#8221; global_colors_info=&#8221;{}&#8221;][et_pb_text _builder_version=&#8221;4.27.4&#8243; _module_preset=&#8221;default&#8221; header_font=&#8221;&#8211;et_global_heading_font|600|||||||&#8221; header_font_size=&#8221;64px&#8221; header_line_height=&#8221;1.3em&#8221; text_orientation=&#8221;center&#8221; max_width=&#8221;800px&#8221; module_alignment=&#8221;center&#8221; hover_enabled=&#8221;0&#8243; header_font_size_tablet=&#8221;40px&#8221; header_font_size_phone=&#8221;28px&#8221; header_font_size_last_edited=&#8221;on|phone&#8221; locked=&#8221;off&#8221; global_colors_info=&#8221;{}&#8221; content_last_edited=&#8221;on|phone&#8221; sticky_enabled=&#8221;0&#8243; content_tablet=&#8221;<\/p>\n<h1>Redakt\u00f6r och skrivcoach<\/h1>\n<p>&#8221; content_phone=&#8221;<\/p>\n<h1>Redakt\u00f6r och skrivcoach<\/h1>\n<p>&#8221;]<\/p>\n<h1>Redakt\u00f6r och skrivcoach<\/h1>\n<p>[\/et_pb_text][et_pb_image src=&#8221;https:\/\/axcommunication.se\/wp-content\/uploads\/2025\/04\/Fika.jpg&#8221; alt=&#8221;Bettina Axelsson \u00e4gare av Axcommunication som hj\u00e4lper dig med inneh\u00e5ll p\u00e5 hemsidan, annonsering i sociala medier och skriver texter.&#8221; title_text=&#8221;Fika&#8221; align=&#8221;center&#8221; _builder_version=&#8221;4.27.4&#8243; _module_preset=&#8221;default&#8221; custom_margin=&#8221;-18px|||||&#8221; global_colors_info=&#8221;{}&#8221;][\/et_pb_image][et_pb_text _builder_version=&#8221;4.27.4&#8243; _module_preset=&#8221;default&#8221; text_font=&#8221;&#8211;et_global_body_font||||||||&#8221; text_font_size=&#8221;22px&#8221; text_line_height=&#8221;1.5em&#8221; text_orientation=&#8221;center&#8221; max_width=&#8221;600px&#8221; module_alignment=&#8221;center&#8221; hover_enabled=&#8221;0&#8243; text_font_size_tablet=&#8221;18px&#8221; text_font_size_phone=&#8221;14px&#8221; text_font_size_last_edited=&#8221;on|phone&#8221; custom_css_free_form=&#8221;body,||p,||span,||li,||td,||th,||div,||section,||article {||  font-family: &#8217;Content&#8217;, sans-serif !important;||}||&#8221; locked=&#8221;off&#8221; global_colors_info=&#8221;{}&#8221; sticky_enabled=&#8221;0&#8243;]<\/p>\n<p style=\"text-align: left;\">Jag som driver Axcommunication heter Bettina Axelsson.<br \/>Att skriva \u00e4r verkligen det roligaste jag vet. Vilken lycka att ha f\u00e5tt jobba med det i mer \u00e4n 30 \u00e5r. Som redakt\u00f6r har jag hanterat tusentals texter\u00a0 och hj\u00e4lpt m\u00e5nga skribenter att utvecklas. Jag har ocks\u00e5 fortsatt att utbilda mig i kreativt skrivande, textrespons och manusutveckling.<\/p>\n<p style=\"text-align: left;\">Jag har arbetat l\u00e4nge som journalist och redakt\u00f6r b\u00e5de f\u00f6r papperstidningar och webb. Sedan n\u00e5gra \u00e5r har jag \u00e4ven uppdrag f\u00f6r bokbranschen. K\u00e4nslan n\u00e4r texten bara flyter p\u00e5 och man inte kan sluta l\u00e4sa \u00e4r oslagbar.<\/p>\n<p style=\"text-align: left;\">V\u00e5ren 2025 debuterade jag som f\u00f6rfattare till romanen &#8221;Det \u00e4r bara en fas&#8221;. En feelgood om k\u00e4rlek, v\u00e4nskap, vanlife och att kliva ur sin komfortzon. Under 2026 kommer en forts\u00e4ttning.<\/p>\n<p>[\/et_pb_text][\/et_pb_column][\/et_pb_row][\/et_pb_section][et_pb_section fb_built=&#8221;1&#8243; _builder_version=&#8221;4.16&#8243; _module_preset=&#8221;default&#8221; background_color=&#8221;#fff2e2&#8243; min_height=&#8221;660.9px&#8221; custom_margin=&#8221;-5px|||||&#8221; custom_padding=&#8221;2px|||||&#8221; global_colors_info=&#8221;{}&#8221;][et_pb_row _builder_version=&#8221;4.16&#8243; _module_preset=&#8221;default&#8221; custom_padding=&#8221;34px|||||&#8221; global_colors_info=&#8221;{}&#8221;][et_pb_column type=&#8221;4_4&#8243; _builder_version=&#8221;4.16&#8243; _module_preset=&#8221;default&#8221; global_colors_info=&#8221;{}&#8221;][et_pb_text _builder_version=&#8221;4.27.4&#8243; _module_preset=&#8221;default&#8221; header_2_font=&#8221;&#8211;et_global_heading_font||||||||&#8221; header_2_text_align=&#8221;center&#8221; header_2_text_color=&#8221;#001e42&#8243; header_2_font_size=&#8221;48px&#8221; header_2_line_height=&#8221;1.3em&#8221; hover_enabled=&#8221;0&#8243; header_2_font_size_tablet=&#8221;36px&#8221; header_2_font_size_phone=&#8221;32px&#8221; header_2_font_size_last_edited=&#8221;on|phone&#8221; locked=&#8221;off&#8221; global_colors_info=&#8221;{}&#8221; content_last_edited=&#8221;on|phone&#8221; sticky_enabled=&#8221;0&#8243; content_tablet=&#8221;<\/p>\n<h2 style=%22text-align: left;%22>Livet g\u00e5r inte i repris<\/h2>\n<p>&#8221; content_phone=&#8221;<\/p>\n<h2 style=%22text-align: left;%22>Livet g\u00e5r inte i repris<\/h2>\n<p>&#8221;]<\/p>\n<h2 style=\"text-align: left;\">Livet g\u00e5r inte i repris<\/h2>\n<p>[\/et_pb_text][\/et_pb_column][\/et_pb_row][et_pb_row column_structure=&#8221;1_2,1_2&#8243; _builder_version=&#8221;4.16&#8243; _module_preset=&#8221;default&#8221; custom_padding=&#8221;3px|||||&#8221; global_colors_info=&#8221;{}&#8221;][et_pb_column type=&#8221;1_2&#8243; _builder_version=&#8221;4.16&#8243; _module_preset=&#8221;default&#8221; global_colors_info=&#8221;{}&#8221;][et_pb_text _builder_version=&#8221;4.27.4&#8243; _module_preset=&#8221;default&#8221; text_font=&#8221;&#8211;et_global_body_font||||||||&#8221; text_line_height=&#8221;1.8em&#8221; custom_css_free_form=&#8221;body,||p,||span,||li,||td,||th,||div,||section,||article {||  font-family: &#8217;Content&#8217;, sans-serif !important;||}||&#8221; locked=&#8221;off&#8221; global_colors_info=&#8221;{}&#8221;]<\/p>\n<p><strong>Livet \u00e4r mer \u00e4n bara jobb.<\/strong> Det var egentligen d\u00e4rf\u00f6r jag startade mitt f\u00f6retag Axcommunication. Efter m\u00e5nga \u00e5r som anst\u00e4lld ville jag kunna styra mer \u00f6ver n\u00e4r jag jobbar och varifr\u00e5n.<\/p>\n<p>Nu bor jag ungef\u00e4r halva \u00e5ret\u00a0 i min campervan i s\u00f6dra Spanien och resten av tiden i en liten l\u00e4genhet i V\u00e4nersborg.\u00a0 Att leva s\u00e5 \u00e4r m\u00f6jligt tack vare att jag jobbar helt digitalt med mejl, videom\u00f6ten och telefon. Det fungerar v\u00e4ldigt bra!<\/p>\n<p>Jag har haft egna h\u00e4star i m\u00e5nga \u00e5r och trivdes fantastiskt bra med det. Men nu vill jag ist\u00e4llet vara lite mindre bunden. Jag \u00e4lskar vanlife och frihetsk\u00e4nslan det ger.<\/p>\n<p>[\/et_pb_text][\/et_pb_column][et_pb_column type=&#8221;1_2&#8243; _builder_version=&#8221;4.16&#8243; _module_preset=&#8221;default&#8221; global_colors_info=&#8221;{}&#8221;][et_pb_image src=&#8221;https:\/\/axcommunication.se\/wp-content\/uploads\/2025\/05\/DSC06086-scaled-e1748259257842.jpg&#8221; alt=&#8221;Bettina Axelson&#8221; title_text=&#8221;0c092d42-ea54-48c6-8398-7e69621307c5&#8243; _builder_version=&#8221;4.27.4&#8243; _module_preset=&#8221;default&#8221; global_colors_info=&#8221;{}&#8221;][\/et_pb_image][\/et_pb_column][\/et_pb_row][\/et_pb_section]<\/p>\n","protected":false},"excerpt":{"rendered":"<p>Redakt\u00f6r och skrivcoachJag som driver Axcommunication heter Bettina Axelsson.Att skriva \u00e4r verkligen det roligaste jag vet. Vilken lycka att ha f\u00e5tt jobba med det i mer \u00e4n 30 \u00e5r. Som redakt\u00f6r har jag hanterat tusentals texter\u00a0 och hj\u00e4lpt m\u00e5nga skribenter att utvecklas. Jag har ocks\u00e5 fortsatt att utbilda mig i kreativt skrivande, textrespons och manusutveckling. [&hellip;]<\/p>\n","protected":false},"author":1,"featured_media":728,"parent":0,"menu_order":0,"comment_status":"closed","ping_status":"closed","template":"","meta":{"_et_pb_use_builder":"on","_et_pb_old_content":"","_et_gb_content_width":"","footnotes":""},"class_list":["post-41","page","type-page","status-publish","has-post-thumbnail","hentry"],"yoast_head":"<!-- This site is optimized with the Yoast SEO plugin v27.4 - https:\/\/yoast.com\/product\/yoast-seo-wordpress\/ -->\n<title>Kommunikationsexpert och professionell skribent<\/title>\n<meta name=\"description\" content=\"Bettina Axelsson har 35 \u00e5rs erfarenhet som skribent och redakt\u00f6r. Expert p\u00e5 tydlig kommunikation, tillg\u00e4nglig webb och digital marknadsf\u00f6ring.\" \/>\n<meta name=\"robots\" content=\"index, follow, max-snippet:-1, max-image-preview:large, max-video-preview:-1\" \/>\n<link rel=\"canonical\" href=\"https:\/\/axcommunication.se\/index.php\/om\/\" \/>\n<meta property=\"og:locale\" content=\"sv_SE\" \/>\n<meta property=\"og:type\" content=\"article\" \/>\n<meta property=\"og:title\" content=\"Kommunikationsexpert och professionell skribent\" \/>\n<meta property=\"og:description\" content=\"Bettina Axelsson har 35 \u00e5rs erfarenhet som skribent och redakt\u00f6r. Expert p\u00e5 tydlig kommunikation, tillg\u00e4nglig webb och digital marknadsf\u00f6ring.\" \/>\n<meta property=\"og:url\" content=\"https:\/\/axcommunication.se\/index.php\/om\/\" \/>\n<meta property=\"og:site_name\" content=\"Axcommunication\" \/>\n<meta property=\"article:modified_time\" content=\"2026-01-16T22:37:44+00:00\" \/>\n<meta property=\"og:image\" content=\"https:\/\/axcommunication.se\/wp-content\/uploads\/2025\/05\/DSC06086-scaled-e1748259257842.jpg\" \/>\n\t<meta property=\"og:image:width\" content=\"1412\" \/>\n\t<meta property=\"og:image:height\" content=\"1493\" \/>\n\t<meta property=\"og:image:type\" content=\"image\/jpeg\" \/>\n<meta name=\"twitter:card\" content=\"summary_large_image\" \/>\n<meta name=\"twitter:label1\" content=\"Ber\u00e4knad l\u00e4stid\" \/>\n\t<meta name=\"twitter:data1\" content=\"2 minuter\" \/>\n<script type=\"application\/ld+json\" class=\"yoast-schema-graph\">{\"@context\":\"https:\\\/\\\/schema.org\",\"@graph\":[{\"@type\":\"WebPage\",\"@id\":\"https:\\\/\\\/axcommunication.se\\\/index.php\\\/om\\\/\",\"url\":\"https:\\\/\\\/axcommunication.se\\\/index.php\\\/om\\\/\",\"name\":\"Kommunikationsexpert och professionell skribent\",\"isPartOf\":{\"@id\":\"https:\\\/\\\/axcommunication.se\\\/#website\"},\"primaryImageOfPage\":{\"@id\":\"https:\\\/\\\/axcommunication.se\\\/index.php\\\/om\\\/#primaryimage\"},\"image\":{\"@id\":\"https:\\\/\\\/axcommunication.se\\\/index.php\\\/om\\\/#primaryimage\"},\"thumbnailUrl\":\"https:\\\/\\\/axcommunication.se\\\/wp-content\\\/uploads\\\/2025\\\/05\\\/DSC06086-scaled-e1748259257842.jpg\",\"datePublished\":\"2025-04-03T12:24:10+00:00\",\"dateModified\":\"2026-01-16T22:37:44+00:00\",\"description\":\"Bettina Axelsson har 35 \u00e5rs erfarenhet som skribent och redakt\u00f6r. Expert p\u00e5 tydlig kommunikation, tillg\u00e4nglig webb och digital marknadsf\u00f6ring.\",\"breadcrumb\":{\"@id\":\"https:\\\/\\\/axcommunication.se\\\/index.php\\\/om\\\/#breadcrumb\"},\"inLanguage\":\"sv-SE\",\"potentialAction\":[{\"@type\":\"ReadAction\",\"target\":[\"https:\\\/\\\/axcommunication.se\\\/index.php\\\/om\\\/\"]}]},{\"@type\":\"ImageObject\",\"inLanguage\":\"sv-SE\",\"@id\":\"https:\\\/\\\/axcommunication.se\\\/index.php\\\/om\\\/#primaryimage\",\"url\":\"https:\\\/\\\/axcommunication.se\\\/wp-content\\\/uploads\\\/2025\\\/05\\\/DSC06086-scaled-e1748259257842.jpg\",\"contentUrl\":\"https:\\\/\\\/axcommunication.se\\\/wp-content\\\/uploads\\\/2025\\\/05\\\/DSC06086-scaled-e1748259257842.jpg\",\"width\":1412,\"height\":1493,\"caption\":\"Bettina Axelson f\u00f6rfattare till feelgoodromanen Det \u00e4r bara en fas.\"},{\"@type\":\"BreadcrumbList\",\"@id\":\"https:\\\/\\\/axcommunication.se\\\/index.php\\\/om\\\/#breadcrumb\",\"itemListElement\":[{\"@type\":\"ListItem\",\"position\":1,\"name\":\"Hem\",\"item\":\"https:\\\/\\\/axcommunication.se\\\/\"},{\"@type\":\"ListItem\",\"position\":2,\"name\":\"Om\"}]},{\"@type\":\"WebSite\",\"@id\":\"https:\\\/\\\/axcommunication.se\\\/#website\",\"url\":\"https:\\\/\\\/axcommunication.se\\\/\",\"name\":\"Axcommunication - F\u00e5 hj\u00e4lp med texter och utveckla ditt skrivande\",\"description\":\"Hj\u00e4lper dig skriva klart ditt bokmanus, Skrivcoach, redakt\u00f6r, f\u00f6rfattare.\",\"publisher\":{\"@id\":\"https:\\\/\\\/axcommunication.se\\\/#organization\"},\"potentialAction\":[{\"@type\":\"SearchAction\",\"target\":{\"@type\":\"EntryPoint\",\"urlTemplate\":\"https:\\\/\\\/axcommunication.se\\\/?s={search_term_string}\"},\"query-input\":{\"@type\":\"PropertyValueSpecification\",\"valueRequired\":true,\"valueName\":\"search_term_string\"}}],\"inLanguage\":\"sv-SE\"},{\"@type\":\"Organization\",\"@id\":\"https:\\\/\\\/axcommunication.se\\\/#organization\",\"name\":\"Axcommunication\",\"url\":\"https:\\\/\\\/axcommunication.se\\\/\",\"logo\":{\"@type\":\"ImageObject\",\"inLanguage\":\"sv-SE\",\"@id\":\"https:\\\/\\\/axcommunication.se\\\/#\\\/schema\\\/logo\\\/image\\\/\",\"url\":\"https:\\\/\\\/axcommunication.se\\\/wp-content\\\/uploads\\\/2025\\\/04\\\/cropped-axcommunication-favicon.png\",\"contentUrl\":\"https:\\\/\\\/axcommunication.se\\\/wp-content\\\/uploads\\\/2025\\\/04\\\/cropped-axcommunication-favicon.png\",\"width\":512,\"height\":512,\"caption\":\"Axcommunication\"},\"image\":{\"@id\":\"https:\\\/\\\/axcommunication.se\\\/#\\\/schema\\\/logo\\\/image\\\/\"},\"sameAs\":[\"https:\\\/\\\/www.instagram.com\\\/axcommunication_bettina\\\/\"]}]}<\/script>\n<!-- \/ Yoast SEO plugin. -->","yoast_head_json":{"title":"Kommunikationsexpert och professionell skribent","description":"Bettina Axelsson har 35 \u00e5rs erfarenhet som skribent och redakt\u00f6r. Expert p\u00e5 tydlig kommunikation, tillg\u00e4nglig webb och digital marknadsf\u00f6ring.","robots":{"index":"index","follow":"follow","max-snippet":"max-snippet:-1","max-image-preview":"max-image-preview:large","max-video-preview":"max-video-preview:-1"},"canonical":"https:\/\/axcommunication.se\/index.php\/om\/","og_locale":"sv_SE","og_type":"article","og_title":"Kommunikationsexpert och professionell skribent","og_description":"Bettina Axelsson har 35 \u00e5rs erfarenhet som skribent och redakt\u00f6r. Expert p\u00e5 tydlig kommunikation, tillg\u00e4nglig webb och digital marknadsf\u00f6ring.","og_url":"https:\/\/axcommunication.se\/index.php\/om\/","og_site_name":"Axcommunication","article_modified_time":"2026-01-16T22:37:44+00:00","og_image":[{"width":1412,"height":1493,"url":"https:\/\/axcommunication.se\/wp-content\/uploads\/2025\/05\/DSC06086-scaled-e1748259257842.jpg","type":"image\/jpeg"}],"twitter_card":"summary_large_image","twitter_misc":{"Ber\u00e4knad l\u00e4stid":"2 minuter"},"schema":{"@context":"https:\/\/schema.org","@graph":[{"@type":"WebPage","@id":"https:\/\/axcommunication.se\/index.php\/om\/","url":"https:\/\/axcommunication.se\/index.php\/om\/","name":"Kommunikationsexpert och professionell skribent","isPartOf":{"@id":"https:\/\/axcommunication.se\/#website"},"primaryImageOfPage":{"@id":"https:\/\/axcommunication.se\/index.php\/om\/#primaryimage"},"image":{"@id":"https:\/\/axcommunication.se\/index.php\/om\/#primaryimage"},"thumbnailUrl":"https:\/\/axcommunication.se\/wp-content\/uploads\/2025\/05\/DSC06086-scaled-e1748259257842.jpg","datePublished":"2025-04-03T12:24:10+00:00","dateModified":"2026-01-16T22:37:44+00:00","description":"Bettina Axelsson har 35 \u00e5rs erfarenhet som skribent och redakt\u00f6r. Expert p\u00e5 tydlig kommunikation, tillg\u00e4nglig webb och digital marknadsf\u00f6ring.","breadcrumb":{"@id":"https:\/\/axcommunication.se\/index.php\/om\/#breadcrumb"},"inLanguage":"sv-SE","potentialAction":[{"@type":"ReadAction","target":["https:\/\/axcommunication.se\/index.php\/om\/"]}]},{"@type":"ImageObject","inLanguage":"sv-SE","@id":"https:\/\/axcommunication.se\/index.php\/om\/#primaryimage","url":"https:\/\/axcommunication.se\/wp-content\/uploads\/2025\/05\/DSC06086-scaled-e1748259257842.jpg","contentUrl":"https:\/\/axcommunication.se\/wp-content\/uploads\/2025\/05\/DSC06086-scaled-e1748259257842.jpg","width":1412,"height":1493,"caption":"Bettina Axelson f\u00f6rfattare till feelgoodromanen Det \u00e4r bara en fas."},{"@type":"BreadcrumbList","@id":"https:\/\/axcommunication.se\/index.php\/om\/#breadcrumb","itemListElement":[{"@type":"ListItem","position":1,"name":"Hem","item":"https:\/\/axcommunication.se\/"},{"@type":"ListItem","position":2,"name":"Om"}]},{"@type":"WebSite","@id":"https:\/\/axcommunication.se\/#website","url":"https:\/\/axcommunication.se\/","name":"Axcommunication - F\u00e5 hj\u00e4lp med texter och utveckla ditt skrivande","description":"Hj\u00e4lper dig skriva klart ditt bokmanus, Skrivcoach, redakt\u00f6r, f\u00f6rfattare.","publisher":{"@id":"https:\/\/axcommunication.se\/#organization"},"potentialAction":[{"@type":"SearchAction","target":{"@type":"EntryPoint","urlTemplate":"https:\/\/axcommunication.se\/?s={search_term_string}"},"query-input":{"@type":"PropertyValueSpecification","valueRequired":true,"valueName":"search_term_string"}}],"inLanguage":"sv-SE"},{"@type":"Organization","@id":"https:\/\/axcommunication.se\/#organization","name":"Axcommunication","url":"https:\/\/axcommunication.se\/","logo":{"@type":"ImageObject","inLanguage":"sv-SE","@id":"https:\/\/axcommunication.se\/#\/schema\/logo\/image\/","url":"https:\/\/axcommunication.se\/wp-content\/uploads\/2025\/04\/cropped-axcommunication-favicon.png","contentUrl":"https:\/\/axcommunication.se\/wp-content\/uploads\/2025\/04\/cropped-axcommunication-favicon.png","width":512,"height":512,"caption":"Axcommunication"},"image":{"@id":"https:\/\/axcommunication.se\/#\/schema\/logo\/image\/"},"sameAs":["https:\/\/www.instagram.com\/axcommunication_bettina\/"]}]}},"_links":{"self":[{"href":"https:\/\/axcommunication.se\/index.php\/wp-json\/wp\/v2\/pages\/41","targetHints":{"allow":["GET"]}}],"collection":[{"href":"https:\/\/axcommunication.se\/index.php\/wp-json\/wp\/v2\/pages"}],"about":[{"href":"https:\/\/axcommunication.se\/index.php\/wp-json\/wp\/v2\/types\/page"}],"author":[{"embeddable":true,"href":"https:\/\/axcommunication.se\/index.php\/wp-json\/wp\/v2\/users\/1"}],"replies":[{"embeddable":true,"href":"https:\/\/axcommunication.se\/index.php\/wp-json\/wp\/v2\/comments?post=41"}],"version-history":[{"count":35,"href":"https:\/\/axcommunication.se\/index.php\/wp-json\/wp\/v2\/pages\/41\/revisions"}],"predecessor-version":[{"id":1132,"href":"https:\/\/axcommunication.se\/index.php\/wp-json\/wp\/v2\/pages\/41\/revisions\/1132"}],"wp:featuredmedia":[{"embeddable":true,"href":"https:\/\/axcommunication.se\/index.php\/wp-json\/wp\/v2\/media\/728"}],"wp:attachment":[{"href":"https:\/\/axcommunication.se\/index.php\/wp-json\/wp\/v2\/media?parent=41"}],"curies":[{"name":"wp","href":"https:\/\/api.w.org\/{rel}","templated":true}]}}